{"id":101,"date":"2023-07-03T22:48:32","date_gmt":"2023-07-03T19:48:32","guid":{"rendered":"https:\/\/www.kartalotocekici.com\/?page_id=101"},"modified":"2023-07-21T14:17:10","modified_gmt":"2023-07-21T11:17:10","slug":"anasayfa","status":"publish","type":"page","link":"https:\/\/www.ahmetatmaca.com.tr\/adayolyardim\/","title":{"rendered":"ANASAYFA"},"content":{"rendered":"<h3><hr class=\"no_line\" style=\"margin: 0 auto 30px auto\"\/>\n<\/h3>\n<h1><span id=\"Kartal_Oto_Cekici_Hizmeti\" style=\"color: #ff0000;\">ADA Yol Yard\u0131m<\/span><\/h1>\n<p><strong>Ada Yol Yard\u0131m <\/strong>firmam\u0131z gebze yol yard\u0131m, tuzla yol yard\u0131m, sultanbeyli yol yard\u0131m, sancaktepe yol yard\u0131m, kartal yol yard\u0131m, pendik yol yard\u0131m, orhanl\u0131 yol yard\u0131m, i\u00e7meler yol yard\u0131m, kurtk\u00f6y yol yard\u0131m, yeni\u015fehir yol yard\u0131m ve kaynarca yol yard\u0131m b\u00f6lgelerinde \u00e7ekicilik hizmeti veren h\u0131zl\u0131, samimi ve kapsaml\u0131 bir ara\u00e7 &#8211; i\u015f makinesi \u00e7ekme \u015firketidir.<\/p>\n<p>Hak etti\u011finiz konfor ve huzuru sunan; temiz, hasars\u0131z \u00e7ekme hizmetleri sunmak i\u00e7in son teknoloji \u00e7ekici ara\u00e7lar\u0131m\u0131z ve de sekt\u00f6rdeki deneyimli personellerimiz ile sizlere 7\/24 Hizmet veriyor, sorun ne olursa olsun size bu s\u0131k\u0131nt\u0131l\u0131 s\u00fcre\u00e7te yard\u0131mc\u0131 olmak i\u00e7in alan\u0131nda uzman \u015fof\u00f6r\u00fcm\u00fcz ile yolda kalan s\u00fcr\u00fcc\u00fclerimize konumuna en yak\u0131n \u00e7ekici hizmetini sa\u011flayarak uygun tarifeler sunmaktay\u0131z.<\/p>\n<p><strong>Ada Oto Kurtarma<\/strong> olarak; oto \u00e7ekici hizmeti, en yak\u0131n oto \u00e7ekici hizmeti, oto kurtarma hizmeti, otoyol yard\u0131m hizmeti, tekne ta\u015f\u0131ma hizmeti, forklift ta\u015f\u0131ma hizmeti, motosiklet ta\u015f\u0131ma hizmeti sunmaktay\u0131z.<\/p>\n<p>Firmam\u0131z profesyonel ara\u00e7 \u00e7ekme ve kurtar\u0131c\u0131 hizmetleri sunmakta, firmam\u0131z b\u00fcnyesinde bulunan hizmetlerimizde oldu\u011fu gibi kurtar\u0131c\u0131ya ihtiya\u00e7 duydu\u011funuz zor zamanlar\u0131n\u0131zda da sizlere kaliteli ve kusursuz hizmet garantisi vermekteyiz.<\/p>\n<p><strong>Ada oto \u00e7ekici hizmeti<\/strong> genel olarak kaza yapm\u0131\u015f, bozulup \u00e7al\u0131\u015ft\u0131r\u0131lamam\u0131\u015f ya da park edilmemesi gereken yere park edilmi\u015f ara\u00e7lar\u0131 bulunduklar\u0131 noktadan alan arac\u0131n verdi\u011fi hizmettir. \u0130stanbul\u2019da oto \u00e7ekici olarak hizmet veren y\u00fczlerce firma bulunmaktad\u0131r. Oto \u00e7ekici hizmeti \u0130stanbul gibi b\u00fcy\u00fck ve trafi\u011fi yo\u011fun olan bir ilde b\u00fcy\u00fck \u00f6nem arz etmektedir. \u0130stedi\u011finiz anda istedi\u011finiz noktaya bir ekibin gelerek arac\u0131n\u0131z\u0131 istedi\u011finiz adrese g\u00f6t\u00fcrmesi \u00e7ok zaman alabilecek bir hizmettir. Bu \u015fekilde bir hizmeti ancak i\u015finde ba\u015far\u0131l\u0131 olan ve bilgi birikimi olan bir firma ger\u00e7ekle\u015ftirebilir.<\/p>\n<p>\u00c7ekici hizmetlerimiz hakk\u0131nda daha fazla bilgi edinmek i\u00e7in <a href=\"tel:0532 673 47 40\">0532 673 47 40<\/a>\u00a0numaral\u0131 telefondan bize ula\u015f\u0131n, herhangi bir nedenle acil yol kenar\u0131 kurtarmaya ihtiyac\u0131n\u0131z varsa, size yard\u0131mc\u0131 olmak i\u00e7in buraday\u0131z. Alan\u0131nda uzman kadromuz ile 7\/24 yan\u0131n\u0131zday\u0131z.<\/p>\n<p>&nbsp;<\/p>\n<h3><span id=\"Kartal_En_Yakin_Oto_Cekici\" style=\"color: #ff0000;\">En Yak\u0131n Oto \u00c7ekici<\/span><\/h3>\n<p><strong>En yak\u0131n oto \u00e7ekici<\/strong>\u00a0ihtiyac\u0131 genelde otomobilimiz yolda kald\u0131\u011f\u0131m\u0131zda gereklidir, bu sebeple yak\u0131nda olan g\u00fcvenilir ve hesapl\u0131 bir oto \u00e7ekici bulmak son derece \u00f6nemlidir. Oto \u00e7ekici hizmetine ihtiya\u00e7 duyuldu\u011funda akla en \u00e7ok gelen sorular\u0131n ba\u015f\u0131nda\u00a0<strong>en yak\u0131n oto \u00e7ekici fiyatlar\u0131<\/strong> ne kadard\u0131r gelmektedir. Ada Yol Yard\u0131m olarak hem \u00fcst d\u00fczey bir hizmet hem de piyasadaki en hesapl\u0131 fiyatlar ile bu alanda \u00e7al\u0131\u015fmalar\u0131m\u0131z\u0131 s\u00fcrd\u00fcrmeye devam ediyoruz. M\u00fc\u015fteri memnuniyetini en eksiksiz \u015fekilde sa\u011flamak ad\u0131na i\u015fimizi en \u00f6zenli \u015fekilde yapmaya \u00f6nem g\u00f6steriyoruz. \u00dcstelik \u0130stanbul i\u00e7i bir\u00e7ok b\u00f6lgede hizmet g\u00f6stererek \u00e7a\u011f\u0131rd\u0131\u011f\u0131n\u0131z yere en k\u0131sa s\u00fcrede ula\u015f\u0131yoruz. H\u0131z\u0131m\u0131z ve kalitemiz ile sizlerin ilk tercihi olmay\u0131 s\u00fcrd\u00fcr\u00fcyoruz.<\/p>\n<p>&nbsp;<\/p>\n<h3><span id=\"Kartal_Oto_Kurtarma_Hizmeti\" style=\"color: #ff0000;\">Oto Kurtarma ve Yol Yard\u0131m\u0131<\/span><\/h3>\n<p><strong>Ada oto kurtarma <\/strong>hizmeti; yolda yard\u0131m isteyen, yard\u0131ma ihtiyac\u0131 olan ara\u00e7lar\u0131n bir noktadan ba\u015fka bir noktaya g\u00f6t\u00fcr\u00fclmesidir, hizmeti ger\u00e7ekle\u015ftiren araca da ara\u00e7 kurtar\u0131c\u0131s\u0131 denir. Ara\u00e7lar\u0131m\u0131z yolun bozuk olma durumlar\u0131, ar\u0131zalanmalar ve meydana gelen kazalar sonunda yolda kalabilirler. \u0130stenmeyen bu durumdan kurtulmak i\u00e7in oto kurtarma hizmeti devreye girmektedir.<br \/>\nOto kurtarma hizmeti sigortal\u0131 ara\u00e7lar i\u00e7in ayr\u0131ca bir k\u00fclfet olu\u015fturmayacak, m\u00fc\u015fteri poli\u00e7e i\u00e7eri\u011fine g\u00f6re \u00f6deme yapmayacakt\u0131r. Ancak poli\u00e7ede bu konuyla ilgili bir nokta yoksa \u00f6deme yap\u0131lmas\u0131 da gerekebilir. Yine poli\u00e7e kapsam\u0131na g\u00f6re y\u0131lda belirli say\u0131da kurtarma hizmetinden \u00fccretsiz yararlanma durumu olabilir. Poli\u00e7e kapsam\u0131ndaki say\u0131 a\u015f\u0131lm\u0131\u015fa \u00fccretli olarak hizmet al\u0131nabilir. Kurtarma hizmeti arac\u0131n\u0131z\u0131n kurtarma hizmetini almak istedi\u011finiz noktada arac\u0131n\u0131za m\u00fcdahale edip sorunu \u00e7\u00f6zebilir ya da \u00e7\u00f6z\u00fclemeyecek bir durum varsa en yak\u0131n servise arac\u0131n\u0131z\u0131 g\u00f6t\u00fcrecektir.<\/p>\n<p><strong>Ada Otoyol Yard\u0131m\u0131<\/strong>\u00a0en genel tan\u0131m\u0131yla yolda olu\u015fan ar\u0131zalar sonucunda arac\u0131n\u0131z\u0131n yolda kalmas\u0131 durumunda hizmet vermektedir. Yolda ar\u0131zalanma ya da kaza olmas\u0131 durumunda m\u00fc\u015fteriler yol yard\u0131m ekibi arayarak destek isterler. \u0130lgili ekip gelip arac\u0131 bulundu\u011fu konumdan al\u0131p, o noktaya en yak\u0131nda bulunan servise g\u00f6t\u00fcrmektedir. Bu olay esnas\u0131nda m\u00fc\u015fteri kendi istedi\u011fi servise gitmek istenirse bu talep kar\u015f\u0131lan\u0131r ancak bu hizmet i\u00e7in bir bedel hesaplan\u0131r.<br \/>\nBu hizmet sigorta kapsam\u0131nda olabildi\u011fi gibi olmad\u0131\u011f\u0131 durumlar da bulunmaktad\u0131r. Sunulan poli\u00e7eye m\u00fc\u015fterilerin talebiyle birlikte bu konuda ekleme yap\u0131labilir. Yol yard\u0131m hizmeti ara\u00e7 kazalar\u0131nda, ara\u00e7lar\u0131nda lastik patlamalar\u0131nda ve yak\u0131t bitti\u011finde g\u00f6rev yapmaktad\u0131r. Saatten ba\u011f\u0131ms\u0131z olarak 7\/24 hizmet vermektedir.<\/p>\n<p>&nbsp;<\/p>\n<h3><span id=\"Kartal_Tekne_Tasima_Hizmeti\" style=\"color: #ff0000;\">Tekne ve Karavan Ta\u015f\u0131ma<\/span><\/h3>\n<p><strong>Tekne ta\u015f\u0131ma <\/strong>hizmeti\u00a0Tekne sahipleri i\u00e7in en \u00f6nemli sorunlardan biri teknelerin bir yerden ba\u015fka bir yere ta\u015f\u0131nmas\u0131 i\u015flemidir. \u0130nsan g\u00fcc\u00fcn\u00fc a\u015fan bir ta\u015f\u0131ma i\u015flemi oldu\u011fu i\u00e7in \u00f6zellikle karayolu ta\u015f\u0131mada \u00f6zel ara\u00e7lara ihtiya\u00e7 duyulmaktad\u0131r. Firma olarak \u0130stanbul\u2019un farkl\u0131 b\u00f6lgelerinde sizlere tekne ta\u015f\u0131ma hizmetleri sunulmaktad\u0131r. Tekne ta\u015f\u0131ma Pendik hizmet noktalar\u0131ndan biridir. Tekne ta\u015f\u0131mac\u0131l\u0131\u011f\u0131 genellikle b\u00fcy\u00fck boy tekne ve yatlar i\u00e7in yap\u0131lan bir ta\u015f\u0131mac\u0131l\u0131k hizmeti olarak bilinmektedir. Bununla birlikte motorlu ya da yelkenli her boyutta tekne ta\u015f\u0131mac\u0131l\u0131\u011f\u0131 yap\u0131lmaktad\u0131r.<br \/>\nTa\u015f\u0131ma hizmetlerinde en \u00f6nemli nokta g\u00fcvenli bir \u015fekilde ara\u00e7lar\u0131n ta\u015f\u0131nmas\u0131d\u0131r. Bu nedenle ta\u015f\u0131nma i\u00e7in teknenin uygun bir \u015fekilde haz\u0131rland\u0131\u011f\u0131ndan emin olmak gerekmektedir. Haz\u0131rl\u0131k a\u015famas\u0131ndan teslimat ger\u00e7ekle\u015ftirilene kadar titizlikle hareket eden uzman ve deneyimli bir ekiple profesyonel hizmetler sunulmaktad\u0131r. Teknenin ta\u015f\u0131nmas\u0131 i\u00e7in gerekli ara\u00e7 filosuna sahip bir \u015fekilde sizlere hizmet verilmektedir.<\/p>\n<p>Yaz aylar\u0131nda \u015fehirler aras\u0131 birbirinden farkl\u0131 yerleri gezmek, bir\u00e7ok m\u00fc\u015fterimizin hayallerini s\u00fcsleyen bir ama\u00e7 olarak kar\u015f\u0131m\u0131za \u00e7\u0131kmaktad\u0131r. \u00d6zellikle karavan tarz\u0131 bir seyahat arac\u0131 ile gezintiye ba\u015flamak hem konfor hem de g\u00fcvenilirli\u011fi a\u00e7\u0131s\u0131ndan daha s\u0131k tercih edilmektedir.<\/p>\n<p>Karavanlar fiyat olarak son zamanlarda pahal\u0131 olsalar da gezi konusunda en \u00e7ok tercih edilen ara\u00e7lar aras\u0131ndad\u0131r. Karavan tarz\u0131 ara\u00e7lar, i\u00e7erisinde normal bir evde bulunmas\u0131 gereken ne varsa donat\u0131lm\u0131\u015f motorlu ta\u015f\u0131t ya da r\u00f6mork \u015feklinde olan ara\u00e7lard\u0131r.\u00a0 <strong>Karavan \u00e7ekici<\/strong>\u00a0ara\u00e7lar ise karavanlar\u0131n ar\u0131za durumlar\u0131nda imdad\u0131na ko\u015fan \u00e7ekici ara\u00e7lar olarak bilinmektedir.<\/p>\n<p>Ada Yol Yard\u0131m olarak herhangi bir karavan ar\u0131zas\u0131nda sorunsuz bir \u015fekilde istedi\u011finiz yere yol yard\u0131m\u0131 yapmaktay\u0131z. Sorunsuz ve h\u0131zl\u0131 bir \u015fekilde ihtiyac\u0131n\u0131za cevap vermekten memnuniyet duyaca\u011f\u0131z.<\/p>\n<p>&nbsp;<\/p>\n<h3><span id=\"Kartal_Forklift_Tasima_Hizmeti\" style=\"color: #ff0000;\">Manlift ve Forklift Ta\u015f\u0131ma<\/span><\/h3>\n<p><strong>Forklift Ta\u015f\u0131ma <\/strong>Hizmeti Di\u011fer ad\u0131 \u00e7atall\u0131 istifleyici olan forklift i\u015f d\u00fcnyas\u0131nda insan g\u00fcc\u00fcyle ta\u015f\u0131namayacak kadar a\u011f\u0131r olan y\u00fcklerin ta\u015f\u0131nmas\u0131 amac\u0131yla kullan\u0131l\u0131r. Bir yerden ba\u015fka bir yere a\u011f\u0131r y\u00fcklerin kald\u0131r\u0131lmas\u0131n\u0131 ve istiflenmesini destekler. Bir kald\u0131rma arac\u0131 olarak y\u00fck ta\u015f\u0131mak i\u00e7in son derece idealdir. 0.5 ile 40 ton aras\u0131nda ta\u015f\u0131ma kapasitesi vard\u0131r. Elektrikli ve i\u00e7ten yanmal\u0131 motorlar ile \u00e7al\u0131\u015f\u0131r.<br \/>\n2012 y\u0131l\u0131ndan beri teknik servis hizmetleri veren firmam\u0131z 2022 y\u0131l\u0131ndan itibaren hizmet yelpazesini geni\u015fleterek Forklift ve <strong>Manlift ta\u015f\u0131ma<\/strong> hizmetini b\u00fcnyesine katm\u0131\u015ft\u0131r. Firma \u0130stanbul\u2019un farkl\u0131 il\u00e7elerinde bu hizmetlerini s\u00fcrd\u00fcrmektedir.<\/p>\n<p>&nbsp;<\/p>\n<h4><span id=\"Oto_Cekici_Telefon_Numarasi\" style=\"color: #ff0000;\">Ada Oto \u00c7ekici ileti\u015fim<\/span><\/h4>\n<p><strong>Ada oto \u00e7ekici ileti\u015fim<\/strong> yoluyla irtibata ge\u00e7mek veya di\u011fer hizmetlerimiz hakk\u0131nda fiyatlar almak i\u00e7in <a href=\"tel:0532 673 47 40\">0532 673 47 40<\/a> telefonu ile ula\u015f\u0131m sa\u011flayabilirsiniz..<\/p>\n<p>Ada Yol Yard\u0131m olarak profesyonel kadromuzla \u0130stanbul\u2019 un t\u00fcm b\u00f6lge ve semtlerinde \u00e7ekici ve oto kurtar\u0131c\u0131 hizmet vermekteyiz.<\/p>\n<p>M\u00fc\u015fterilerimize en uygun fiyat \u00fczerinden, en profesyonel hizmeti sunarak ara\u00e7lar\u0131n\u0131 h\u0131zl\u0131 ve g\u00fcvenli \u015fekilde ta\u015f\u0131mak konusunda hizmet sa\u011flamaktay\u0131z. T\u00fcm \u0130stanbul b\u00f6lgesin\u2019 de acil ve h\u0131zl\u0131 oto \u00e7ekiciye ihtiyac\u0131n\u0131z oldu\u011funda sizlerin yan\u0131n\u0131zday\u0131z. Yol yard\u0131m asistan hizmetlerimizden g\u00fcn\u00fcn her saati faydalanabilirsiniz.<\/p>\n<p style=\"text-align: center;\"><strong><span style=\"color: #ff0000;\">Ada Oto \u00c7ekici olarak 7 g\u00fcn 24 saat Hizmetinizdeyiz.<\/span><\/strong><\/p>\n","protected":false},"excerpt":{"rendered":"<p>ADA Yol Yard\u0131m Ada Yol Yard\u0131m firmam\u0131z gebze yol yard\u0131m, tuzla yol yard\u0131m, sultanbeyli yol yard\u0131m, sancaktepe yol yard\u0131m, kartal yol yard\u0131m, pendik yol yard\u0131m, orhanl\u0131 yol yard\u0131m, i\u00e7meler yol yard\u0131m, kurtk\u00f6y yol yard\u0131m, yeni\u015fehir yol yard\u0131m ve kaynarca yol yard\u0131m b\u00f6lgelerinde \u00e7ekicilik hizmeti veren h\u0131zl\u0131, samimi ve kapsaml\u0131 bir<span class=\"excerpt-hellip\"> [\u2026]<\/span><\/p>\n","protected":false},"author":1,"featured_media":0,"parent":0,"menu_order":0,"comment_status":"closed","ping_status":"closed","template":"","meta":[],"_links":{"self":[{"href":"https:\/\/www.ahmetatmaca.com.tr\/adayolyardim\/wp-json\/wp\/v2\/pages\/101"}],"collection":[{"href":"https:\/\/www.ahmetatmaca.com.tr\/adayolyardim\/wp-json\/wp\/v2\/pages"}],"about":[{"href":"https:\/\/www.ahmetatmaca.com.tr\/adayolyardim\/wp-json\/wp\/v2\/types\/page"}],"author":[{"embeddable":true,"href":"https:\/\/www.ahmetatmaca.com.tr\/adayolyardim\/wp-json\/wp\/v2\/users\/1"}],"replies":[{"embeddable":true,"href":"https:\/\/www.ahmetatmaca.com.tr\/adayolyardim\/wp-json\/wp\/v2\/comments?post=101"}],"version-history":[{"count":0,"href":"https:\/\/www.ahmetatmaca.com.tr\/adayolyardim\/wp-json\/wp\/v2\/pages\/101\/revisions"}],"wp:attachment":[{"href":"https:\/\/www.ahmetatmaca.com.tr\/adayolyardim\/wp-json\/wp\/v2\/media?parent=101"}],"curies":[{"name":"wp","href":"https:\/\/api.w.org\/{rel}","templated":true}]}}